{"id":7463,"date":"2023-05-15T10:47:20","date_gmt":"2023-05-15T08:47:20","guid":{"rendered":"https:\/\/termepatria.it\/thermalkuren\/"},"modified":"2025-04-08T12:31:05","modified_gmt":"2025-04-08T10:31:05","slug":"thermalkuren","status":"publish","type":"page","link":"https:\/\/termepatria.it\/de\/thermalkuren\/","title":{"rendered":"Thermalkuren"},"content":{"rendered":"\t\t<div data-elementor-type=\"wp-page\" data-elementor-id=\"7463\" class=\"elementor elementor-7463\">\n\t\t\t\t\t\t<section class=\"elementor-section elementor-top-section elementor-element elementor-element-55bc024 elementor-section-full_width qodef-elementor-content-grid elementor-section-height-default elementor-section-height-default\" data-id=\"55bc024\" data-element_type=\"section\" data-e-type=\"section\" id=\"colazione\">\n\t\t\t\t\t\t<div class=\"elementor-container elementor-column-gap-no\">\n\t\t\t\t\t<div class=\"elementor-column elementor-col-100 elementor-top-column elementor-element elementor-element-5abf0b6\" data-id=\"5abf0b6\" data-element_type=\"column\" data-e-type=\"column\">\n\t\t\t<div class=\"elementor-widget-wrap elementor-element-populated\">\n\t\t\t\t\t\t<div class=\"elementor-element elementor-element-1522463 elementor-widget elementor-widget-alloggio_core_section_title\" data-id=\"1522463\" data-element_type=\"widget\" data-e-type=\"widget\" data-widget_type=\"alloggio_core_section_title.default\">\n\t\t\t\t<div class=\"elementor-widget-container\">\n\t\t\t\t\t<div class=\"qodef-shortcode qodef-m  qodef-section-title qodef-alignment--center\">\n\t\t<h2 class=\"qodef-m-title\" >\n\t\t\t\t\t 100 % nat\u00fcrliche Thermal-Behandlungen, patentiert und seit mehr als 2.000 Jahren \"positiv bewertet\"!\t\t\t<\/h2>\n\t\t<p class=\"qodef-m-text\" style=\"margin-top: 25px\">Unsere Thermalkuren werden durchgef\u00fchrt mit kostbarem Regenwasser, das mit geothermischer Energie geladen ist und mit einer Temperatur von \u00fcber 80\u00b0 C entspringt. Es ist angereichert mit wertvollen Substanzen, die es als Salz- brom- und jodhaltiges hyperthermales Wasser einzigartig machen in der Welt.<\/p>\n<\/div>\t\t\t\t<\/div>\n\t\t\t\t<\/div>\n\t\t\t\t\t<\/div>\n\t\t<\/div>\n\t\t\t\t\t<\/div>\n\t\t<\/section>\n\t\t\t\t<section class=\"elementor-section elementor-top-section elementor-element elementor-element-1811192 elementor-section-full_width qodef-elementor-content-grid elementor-section-content-middle elementor-section-height-default elementor-section-height-default\" data-id=\"1811192\" data-element_type=\"section\" data-e-type=\"section\">\n\t\t\t\t\t\t<div class=\"elementor-container elementor-column-gap-no\">\n\t\t\t\t\t<div class=\"elementor-column elementor-col-50 elementor-top-column elementor-element elementor-element-46a8814\" data-id=\"46a8814\" data-element_type=\"column\" data-e-type=\"column\">\n\t\t\t<div class=\"elementor-widget-wrap elementor-element-populated\">\n\t\t\t\t\t\t<div class=\"elementor-element elementor-element-d5ebd1b elementor-widget elementor-widget-image\" data-id=\"d5ebd1b\" data-element_type=\"widget\" data-e-type=\"widget\" data-widget_type=\"image.default\">\n\t\t\t\t<div class=\"elementor-widget-container\">\n\t\t\t\t\t\t\t\t\t\t\t\t\t\t\t<img fetchpriority=\"high\" decoding=\"async\" width=\"1300\" height=\"757\" src=\"https:\/\/termepatria.it\/wp-content\/uploads\/2023\/05\/centro_termale.jpg\" class=\"attachment-full size-full wp-image-6369\" alt=\"\" srcset=\"https:\/\/termepatria.it\/wp-content\/uploads\/2023\/05\/centro_termale.jpg 1300w, https:\/\/termepatria.it\/wp-content\/uploads\/2023\/05\/centro_termale-300x175.jpg 300w, https:\/\/termepatria.it\/wp-content\/uploads\/2023\/05\/centro_termale-1024x596.jpg 1024w, https:\/\/termepatria.it\/wp-content\/uploads\/2023\/05\/centro_termale-768x447.jpg 768w\" sizes=\"(max-width: 1300px) 100vw, 1300px\" \/>\t\t\t\t\t\t\t\t\t\t\t\t\t\t\t<\/div>\n\t\t\t\t<\/div>\n\t\t\t\t\t<\/div>\n\t\t<\/div>\n\t\t\t\t<div class=\"elementor-column elementor-col-50 elementor-top-column elementor-element elementor-element-4c317c5\" data-id=\"4c317c5\" data-element_type=\"column\" data-e-type=\"column\">\n\t\t\t<div class=\"elementor-widget-wrap elementor-element-populated\">\n\t\t\t\t\t\t<div class=\"elementor-element elementor-element-028a2d3 elementor-widget elementor-widget-text-editor\" data-id=\"028a2d3\" data-element_type=\"widget\" data-e-type=\"widget\" data-widget_type=\"text-editor.default\">\n\t\t\t\t<div class=\"elementor-widget-container\">\n\t\t\t\t\t\t\t\t\t<p>Seit der R\u00f6merzeit sind sie f\u00fcr ihre therapeutischen Eigenschaften bekannt, und dank wissenschaftlicher Forschung wurde ihnen ein europ\u00e4isches Patent f\u00fcr ihre entz\u00fcndungshemmenden und schmerzlindernden Eigenschaften erteilt.<\/p><p>In einer warmen und behaglichen Atmosph\u00e4re werden Sie von unserem spezialisierten Personal begleitet und k\u00f6nnen unter \u00e4rztlicher Aufsicht die klassischen Thermalkuren genie\u00dfen.Diese bestehen aus Fangotherapie, Bad mit Ozontherapie, Reaktionsmassagen, Hydromassage in Thermalwasser, Inhalationen und Aerosoltherapie.<\/p>\t\t\t\t\t\t\t\t<\/div>\n\t\t\t\t<\/div>\n\t\t\t\t\t<\/div>\n\t\t<\/div>\n\t\t\t\t\t<\/div>\n\t\t<\/section>\n\t\t\t\t<section class=\"elementor-section elementor-top-section elementor-element elementor-element-0215e20 elementor-section-full_width qodef-elementor-content-grid elementor-section-content-middle elementor-reverse-mobile elementor-reverse-tablet elementor-section-height-default elementor-section-height-default\" data-id=\"0215e20\" data-element_type=\"section\" data-e-type=\"section\">\n\t\t\t\t\t\t<div class=\"elementor-container elementor-column-gap-no\">\n\t\t\t\t\t<div class=\"elementor-column elementor-col-50 elementor-top-column elementor-element elementor-element-80b07ec\" data-id=\"80b07ec\" data-element_type=\"column\" data-e-type=\"column\">\n\t\t\t<div class=\"elementor-widget-wrap elementor-element-populated\">\n\t\t\t\t\t\t<div class=\"elementor-element elementor-element-b514a27 elementor-widget elementor-widget-text-editor\" data-id=\"b514a27\" data-element_type=\"widget\" data-e-type=\"widget\" data-widget_type=\"text-editor.default\">\n\t\t\t\t<div class=\"elementor-widget-container\">\n\t\t\t\t\t\t\t\t\t<p>Unsere Thermalkuren werden durchgef\u00fchrt mit kostbarem Regenwasser, das mit geothermischer Energie geladen ist und mit einer Temperatur von 87\u00b0 C entspringt. Es ist angereichert mit wertvollen Substanzen, die es als Salz- brom- und jodhaltiges hyperthermales Wasser einzigartig machen in der Welt.<\/p><p>Inhalationstherapien mit Thermalwasser sind wirksam bei der Pr\u00e4vention von Erkrankungen der oberen und unteren Atemwege.<\/p>\t\t\t\t\t\t\t\t<\/div>\n\t\t\t\t<\/div>\n\t\t\t\t\t<\/div>\n\t\t<\/div>\n\t\t\t\t<div class=\"elementor-column elementor-col-50 elementor-top-column elementor-element elementor-element-cb64170\" data-id=\"cb64170\" data-element_type=\"column\" data-e-type=\"column\">\n\t\t\t<div class=\"elementor-widget-wrap elementor-element-populated\">\n\t\t\t\t\t\t<div class=\"elementor-element elementor-element-ce1e3bf elementor-widget elementor-widget-image\" data-id=\"ce1e3bf\" data-element_type=\"widget\" data-e-type=\"widget\" data-widget_type=\"image.default\">\n\t\t\t\t<div class=\"elementor-widget-container\">\n\t\t\t\t\t\t\t\t\t\t\t\t\t\t\t<img decoding=\"async\" width=\"1020\" height=\"650\" src=\"https:\/\/termepatria.it\/wp-content\/uploads\/2023\/05\/inalazioni_2.jpg\" class=\"attachment-full size-full wp-image-6363\" alt=\"\" srcset=\"https:\/\/termepatria.it\/wp-content\/uploads\/2023\/05\/inalazioni_2.jpg 1020w, https:\/\/termepatria.it\/wp-content\/uploads\/2023\/05\/inalazioni_2-300x191.jpg 300w, https:\/\/termepatria.it\/wp-content\/uploads\/2023\/05\/inalazioni_2-768x489.jpg 768w\" sizes=\"(max-width: 1020px) 100vw, 1020px\" \/>\t\t\t\t\t\t\t\t\t\t\t\t\t\t\t<\/div>\n\t\t\t\t<\/div>\n\t\t\t\t\t<\/div>\n\t\t<\/div>\n\t\t\t\t\t<\/div>\n\t\t<\/section>\n\t\t\t\t<section class=\"elementor-section elementor-top-section elementor-element elementor-element-6a25c0d3 elementor-section-full_width qodef-elementor-content-grid elementor-section-height-default elementor-section-height-default\" data-id=\"6a25c0d3\" data-element_type=\"section\" data-e-type=\"section\">\n\t\t\t\t\t\t<div class=\"elementor-container elementor-column-gap-no\">\n\t\t\t\t\t<div class=\"elementor-column elementor-col-100 elementor-top-column elementor-element elementor-element-39c6887b\" data-id=\"39c6887b\" data-element_type=\"column\" data-e-type=\"column\">\n\t\t\t<div class=\"elementor-widget-wrap elementor-element-populated\">\n\t\t\t\t\t\t<div class=\"elementor-element elementor-element-56107e7d terme_banner_statua elementor-widget elementor-widget-alloggio_core_banner\" data-id=\"56107e7d\" data-element_type=\"widget\" data-e-type=\"widget\" id=\"punto_elenco_banner\" data-widget_type=\"alloggio_core_banner.default\">\n\t\t\t\t<div class=\"elementor-widget-container\">\n\t\t\t\t\t<div class=\"qodef-shortcode qodef-m  qodef-banner qodef-layout--link-overlay qodef--has-text qodef--has-button\">\n\t<div class=\"qodef-m-image\">\n\t<img decoding=\"async\" width=\"1348\" height=\"899\" src=\"https:\/\/termepatria.it\/wp-content\/uploads\/2023\/06\/Fanghi_2.jpg\" class=\"attachment-full size-full\" alt=\"\" srcset=\"https:\/\/termepatria.it\/wp-content\/uploads\/2023\/06\/Fanghi_2.jpg 1348w, https:\/\/termepatria.it\/wp-content\/uploads\/2023\/06\/Fanghi_2-300x200.jpg 300w, https:\/\/termepatria.it\/wp-content\/uploads\/2023\/06\/Fanghi_2-1024x683.jpg 1024w, https:\/\/termepatria.it\/wp-content\/uploads\/2023\/06\/Fanghi_2-768x512.jpg 768w\" sizes=\"(max-width: 1348px) 100vw, 1348px\" \/>\t<a itemprop=\"url\" href=\"https:\/\/termepatria.it\/de\/thermalkuren\/behandlungspreise-und-kur-programme\/\" class=\"qodef-m-banner-link\" target=\"_self\"><\/a>\n<\/div>\t<div class=\"qodef-m-content\">\n\t\t<div class=\"qodef-m-content-inner\" style=\"padding: 32px 4% 36px 36px\">\n\t\t\t<div class=\"qodef-m-content-inner-background\" ><\/div>\n\t\t\t<div class=\"qodef-m-content-inner-holder\">\n\t\t\t\t\t<h3 class=\"qodef-m-title\" >Info Thermalzentrum<\/h3>\n\t\t\t\t\t<p class=\"qodef-m-text\" style=\"margin-top: 20px\">\u2022 Unsere Kurabteilung ist t\u00e4glich von Montag bis Samstag ge\u00f6ffnet. Thermal-Behandlungen werden morgens durchgef\u00fchrt.\n|| Die \u00e4rztliche Untersuchung f\u00fcr die Zulassung zu Kurbehandlungen ist obligatorisch. \n|| \u00c4rztliche Untersuchungen und Thermal-Behandlungen k\u00f6nnen an der Rezeption gebucht werden.\n<\/p>\n\t\t\t\t\t<div class=\"qodef-m-button\">\n\t\t<a class=\"qodef-shortcode qodef-m  qodef-button qodef-layout--filled  qodef-html--link\" href=\"https:\/\/termepatria.it\/de\/thermalkuren\/behandlungspreise-und-kur-programme\/\" target=\"_self\"  style=\"margin: 15px 0px 6px 0px\">\t<span class=\"qodef-m-text\">Behandlungspreise und Kur-programme \u00bb<\/span>\t<span class=\"qodef-m-background-holder\" ><\/span><\/a>\t<\/div>\n\t\t\t\t<a itemprop=\"url\" href=\"https:\/\/termepatria.it\/de\/thermalkuren\/behandlungspreise-und-kur-programme\/\" class=\"qodef-m-banner-link\" target=\"_self\"><\/a>\n\t\t\t<\/div>\n\t\t\t<a itemprop=\"url\" href=\"https:\/\/termepatria.it\/de\/thermalkuren\/behandlungspreise-und-kur-programme\/\" class=\"qodef-m-banner-link\" target=\"_self\"><\/a>\n\t\t<\/div>\n\t<\/div>\n<\/div>\n\t\t\t\t<\/div>\n\t\t\t\t<\/div>\n\t\t\t\t\t<\/div>\n\t\t<\/div>\n\t\t\t\t\t<\/div>\n\t\t<\/section>\n\t\t\t\t<section class=\"elementor-section elementor-top-section elementor-element elementor-element-57de190 elementor-section-boxed elementor-section-height-default elementor-section-height-default qodef-elementor-content-no\" data-id=\"57de190\" data-element_type=\"section\" data-e-type=\"section\">\n\t\t\t\t\t\t<div class=\"elementor-container elementor-column-gap-default\">\n\t\t\t\t\t<div class=\"elementor-column elementor-col-100 elementor-top-column elementor-element elementor-element-a27e8a8\" data-id=\"a27e8a8\" data-element_type=\"column\" data-e-type=\"column\">\n\t\t\t<div class=\"elementor-widget-wrap elementor-element-populated\">\n\t\t\t\t\t\t<div class=\"elementor-element elementor-element-d963bf5 elementor-widget elementor-widget-spacer\" data-id=\"d963bf5\" data-element_type=\"widget\" data-e-type=\"widget\" data-widget_type=\"spacer.default\">\n\t\t\t\t<div class=\"elementor-widget-container\">\n\t\t\t\t\t\t\t<div class=\"elementor-spacer\">\n\t\t\t<div class=\"elementor-spacer-inner\"><\/div>\n\t\t<\/div>\n\t\t\t\t\t\t<\/div>\n\t\t\t\t<\/div>\n\t\t\t\t\t<\/div>\n\t\t<\/div>\n\t\t\t\t\t<\/div>\n\t\t<\/section>\n\t\t\t\t<\/div>\n\t\t","protected":false},"excerpt":{"rendered":"<p>100 % nat\u00fcrliche Thermal-Behandlungen, patentiert und seit mehr als 2.000 Jahren &#8222;positiv bewertet&#8220;! Unsere Thermalkuren werden durchgef\u00fchrt mit kostbarem Regenwasser, das mit geothermischer Energie geladen ist und mit einer Temperatur von \u00fcber 80\u00b0 C entspringt. Es ist angereichert mit wertvollen Substanzen, die es als Salz- brom- und jodhaltiges hyperthermales Wasser einzigartig machen in der Welt. [&hellip;]<\/p>\n","protected":false},"author":1,"featured_media":0,"parent":0,"menu_order":0,"comment_status":"closed","ping_status":"closed","template":"page-full-width.php","meta":{"footnotes":""},"class_list":["post-7463","page","type-page","status-publish","hentry"],"yoast_head":"<!-- This site is optimized with the Yoast SEO plugin v27.0 - https:\/\/yoast.com\/product\/yoast-seo-wordpress\/ -->\n<title>Thermalkuren - Hotel Terme Patria<\/title>\n<meta name=\"description\" content=\"100 % nat\u00fcrliche Thermal-Behandlungen, patentiert und seit mehr als 2.000 Jahren &quot;positiv bewertet&quot;! Unsere Thermalkuren werden durchgef\u00fchrt mit kostbarem\" \/>\n<meta name=\"robots\" content=\"index, follow, max-snippet:-1, max-image-preview:large, max-video-preview:-1\" \/>\n<link rel=\"canonical\" href=\"https:\/\/termepatria.it\/de\/thermalkuren\/\" \/>\n<meta property=\"og:locale\" content=\"de_DE\" \/>\n<meta property=\"og:type\" content=\"article\" \/>\n<meta property=\"og:title\" content=\"Thermalkuren - Hotel Terme Patria\" \/>\n<meta property=\"og:description\" content=\"100 % nat\u00fcrliche Thermal-Behandlungen, patentiert und seit mehr als 2.000 Jahren &quot;positiv bewertet&quot;! Unsere Thermalkuren werden durchgef\u00fchrt mit kostbarem\" \/>\n<meta property=\"og:url\" content=\"https:\/\/termepatria.it\/de\/thermalkuren\/\" \/>\n<meta property=\"og:site_name\" content=\"Hotel Terme Patria\" \/>\n<meta property=\"article:publisher\" content=\"https:\/\/www.facebook.com\/hoteltermepatria\" \/>\n<meta property=\"article:modified_time\" content=\"2025-04-08T10:31:05+00:00\" \/>\n<meta property=\"og:image\" content=\"https:\/\/termepatria.it\/wp-content\/uploads\/2023\/05\/centro_termale.jpg\" \/>\n\t<meta property=\"og:image:width\" content=\"1300\" \/>\n\t<meta property=\"og:image:height\" content=\"757\" \/>\n\t<meta property=\"og:image:type\" content=\"image\/jpeg\" \/>\n<meta name=\"twitter:card\" content=\"summary_large_image\" \/>\n<meta name=\"twitter:label1\" content=\"Gesch\u00e4tzte Lesezeit\" \/>\n\t<meta name=\"twitter:data1\" content=\"2\u00a0Minuten\" \/>\n<script type=\"application\/ld+json\" class=\"yoast-schema-graph\">{\"@context\":\"https:\/\/schema.org\",\"@graph\":[{\"@type\":\"WebPage\",\"@id\":\"https:\/\/termepatria.it\/de\/thermalkuren\/\",\"url\":\"https:\/\/termepatria.it\/de\/thermalkuren\/\",\"name\":\"Thermalkuren - Hotel Terme Patria\",\"isPartOf\":{\"@id\":\"https:\/\/termepatria.it\/#website\"},\"primaryImageOfPage\":{\"@id\":\"https:\/\/termepatria.it\/de\/thermalkuren\/#primaryimage\"},\"image\":{\"@id\":\"https:\/\/termepatria.it\/de\/thermalkuren\/#primaryimage\"},\"thumbnailUrl\":\"https:\/\/termepatria.it\/wp-content\/uploads\/2023\/05\/centro_termale.jpg\",\"datePublished\":\"2023-05-15T08:47:20+00:00\",\"dateModified\":\"2025-04-08T10:31:05+00:00\",\"description\":\"100 % nat\u00fcrliche Thermal-Behandlungen, patentiert und seit mehr als 2.000 Jahren \\\"positiv bewertet\\\"! Unsere Thermalkuren werden durchgef\u00fchrt mit kostbarem\",\"breadcrumb\":{\"@id\":\"https:\/\/termepatria.it\/de\/thermalkuren\/#breadcrumb\"},\"inLanguage\":\"de\",\"potentialAction\":[{\"@type\":\"ReadAction\",\"target\":[\"https:\/\/termepatria.it\/de\/thermalkuren\/\"]}]},{\"@type\":\"ImageObject\",\"inLanguage\":\"de\",\"@id\":\"https:\/\/termepatria.it\/de\/thermalkuren\/#primaryimage\",\"url\":\"https:\/\/termepatria.it\/wp-content\/uploads\/2023\/05\/centro_termale.jpg\",\"contentUrl\":\"https:\/\/termepatria.it\/wp-content\/uploads\/2023\/05\/centro_termale.jpg\"},{\"@type\":\"BreadcrumbList\",\"@id\":\"https:\/\/termepatria.it\/de\/thermalkuren\/#breadcrumb\",\"itemListElement\":[{\"@type\":\"ListItem\",\"position\":1,\"name\":\"Home\",\"item\":\"https:\/\/termepatria.it\/\"},{\"@type\":\"ListItem\",\"position\":2,\"name\":\"Thermalkuren\"}]},{\"@type\":\"WebSite\",\"@id\":\"https:\/\/termepatria.it\/#website\",\"url\":\"https:\/\/termepatria.it\/\",\"name\":\"Hotel Terme Patria\",\"description\":\"\",\"publisher\":{\"@id\":\"https:\/\/termepatria.it\/#organization\"},\"alternateName\":\"Terme Patria\",\"potentialAction\":[{\"@type\":\"SearchAction\",\"target\":{\"@type\":\"EntryPoint\",\"urlTemplate\":\"https:\/\/termepatria.it\/?s={search_term_string}\"},\"query-input\":{\"@type\":\"PropertyValueSpecification\",\"valueRequired\":true,\"valueName\":\"search_term_string\"}}],\"inLanguage\":\"de\"},{\"@type\":\"Organization\",\"@id\":\"https:\/\/termepatria.it\/#organization\",\"name\":\"Hotel Terme Patria\",\"url\":\"https:\/\/termepatria.it\/\",\"logo\":{\"@type\":\"ImageObject\",\"inLanguage\":\"de\",\"@id\":\"https:\/\/termepatria.it\/#\/schema\/logo\/image\/\",\"url\":\"https:\/\/termepatria.it\/wp-content\/uploads\/2023\/05\/LOGO-PATRIA02.png\",\"contentUrl\":\"https:\/\/termepatria.it\/wp-content\/uploads\/2023\/05\/LOGO-PATRIA02.png\",\"width\":412,\"height\":80,\"caption\":\"Hotel Terme Patria\"},\"image\":{\"@id\":\"https:\/\/termepatria.it\/#\/schema\/logo\/image\/\"},\"sameAs\":[\"https:\/\/www.facebook.com\/hoteltermepatria\",\"https:\/\/www.instagram.com\/hoteltermepatria\/\"]}]}<\/script>\n<!-- \/ Yoast SEO plugin. -->","yoast_head_json":{"title":"Thermalkuren - Hotel Terme Patria","description":"100 % nat\u00fcrliche Thermal-Behandlungen, patentiert und seit mehr als 2.000 Jahren \"positiv bewertet\"! Unsere Thermalkuren werden durchgef\u00fchrt mit kostbarem","robots":{"index":"index","follow":"follow","max-snippet":"max-snippet:-1","max-image-preview":"max-image-preview:large","max-video-preview":"max-video-preview:-1"},"canonical":"https:\/\/termepatria.it\/de\/thermalkuren\/","og_locale":"de_DE","og_type":"article","og_title":"Thermalkuren - Hotel Terme Patria","og_description":"100 % nat\u00fcrliche Thermal-Behandlungen, patentiert und seit mehr als 2.000 Jahren \"positiv bewertet\"! Unsere Thermalkuren werden durchgef\u00fchrt mit kostbarem","og_url":"https:\/\/termepatria.it\/de\/thermalkuren\/","og_site_name":"Hotel Terme Patria","article_publisher":"https:\/\/www.facebook.com\/hoteltermepatria","article_modified_time":"2025-04-08T10:31:05+00:00","og_image":[{"width":1300,"height":757,"url":"https:\/\/termepatria.it\/wp-content\/uploads\/2023\/05\/centro_termale.jpg","type":"image\/jpeg"}],"twitter_card":"summary_large_image","twitter_misc":{"Gesch\u00e4tzte Lesezeit":"2\u00a0Minuten"},"schema":{"@context":"https:\/\/schema.org","@graph":[{"@type":"WebPage","@id":"https:\/\/termepatria.it\/de\/thermalkuren\/","url":"https:\/\/termepatria.it\/de\/thermalkuren\/","name":"Thermalkuren - Hotel Terme Patria","isPartOf":{"@id":"https:\/\/termepatria.it\/#website"},"primaryImageOfPage":{"@id":"https:\/\/termepatria.it\/de\/thermalkuren\/#primaryimage"},"image":{"@id":"https:\/\/termepatria.it\/de\/thermalkuren\/#primaryimage"},"thumbnailUrl":"https:\/\/termepatria.it\/wp-content\/uploads\/2023\/05\/centro_termale.jpg","datePublished":"2023-05-15T08:47:20+00:00","dateModified":"2025-04-08T10:31:05+00:00","description":"100 % nat\u00fcrliche Thermal-Behandlungen, patentiert und seit mehr als 2.000 Jahren \"positiv bewertet\"! Unsere Thermalkuren werden durchgef\u00fchrt mit kostbarem","breadcrumb":{"@id":"https:\/\/termepatria.it\/de\/thermalkuren\/#breadcrumb"},"inLanguage":"de","potentialAction":[{"@type":"ReadAction","target":["https:\/\/termepatria.it\/de\/thermalkuren\/"]}]},{"@type":"ImageObject","inLanguage":"de","@id":"https:\/\/termepatria.it\/de\/thermalkuren\/#primaryimage","url":"https:\/\/termepatria.it\/wp-content\/uploads\/2023\/05\/centro_termale.jpg","contentUrl":"https:\/\/termepatria.it\/wp-content\/uploads\/2023\/05\/centro_termale.jpg"},{"@type":"BreadcrumbList","@id":"https:\/\/termepatria.it\/de\/thermalkuren\/#breadcrumb","itemListElement":[{"@type":"ListItem","position":1,"name":"Home","item":"https:\/\/termepatria.it\/"},{"@type":"ListItem","position":2,"name":"Thermalkuren"}]},{"@type":"WebSite","@id":"https:\/\/termepatria.it\/#website","url":"https:\/\/termepatria.it\/","name":"Hotel Terme Patria","description":"","publisher":{"@id":"https:\/\/termepatria.it\/#organization"},"alternateName":"Terme Patria","potentialAction":[{"@type":"SearchAction","target":{"@type":"EntryPoint","urlTemplate":"https:\/\/termepatria.it\/?s={search_term_string}"},"query-input":{"@type":"PropertyValueSpecification","valueRequired":true,"valueName":"search_term_string"}}],"inLanguage":"de"},{"@type":"Organization","@id":"https:\/\/termepatria.it\/#organization","name":"Hotel Terme Patria","url":"https:\/\/termepatria.it\/","logo":{"@type":"ImageObject","inLanguage":"de","@id":"https:\/\/termepatria.it\/#\/schema\/logo\/image\/","url":"https:\/\/termepatria.it\/wp-content\/uploads\/2023\/05\/LOGO-PATRIA02.png","contentUrl":"https:\/\/termepatria.it\/wp-content\/uploads\/2023\/05\/LOGO-PATRIA02.png","width":412,"height":80,"caption":"Hotel Terme Patria"},"image":{"@id":"https:\/\/termepatria.it\/#\/schema\/logo\/image\/"},"sameAs":["https:\/\/www.facebook.com\/hoteltermepatria","https:\/\/www.instagram.com\/hoteltermepatria\/"]}]}},"_links":{"self":[{"href":"https:\/\/termepatria.it\/de\/wp-json\/wp\/v2\/pages\/7463","targetHints":{"allow":["GET"]}}],"collection":[{"href":"https:\/\/termepatria.it\/de\/wp-json\/wp\/v2\/pages"}],"about":[{"href":"https:\/\/termepatria.it\/de\/wp-json\/wp\/v2\/types\/page"}],"author":[{"embeddable":true,"href":"https:\/\/termepatria.it\/de\/wp-json\/wp\/v2\/users\/1"}],"replies":[{"embeddable":true,"href":"https:\/\/termepatria.it\/de\/wp-json\/wp\/v2\/comments?post=7463"}],"version-history":[{"count":5,"href":"https:\/\/termepatria.it\/de\/wp-json\/wp\/v2\/pages\/7463\/revisions"}],"predecessor-version":[{"id":10741,"href":"https:\/\/termepatria.it\/de\/wp-json\/wp\/v2\/pages\/7463\/revisions\/10741"}],"wp:attachment":[{"href":"https:\/\/termepatria.it\/de\/wp-json\/wp\/v2\/media?parent=7463"}],"curies":[{"name":"wp","href":"https:\/\/api.w.org\/{rel}","templated":true}]}}