{"id":7664,"date":"2023-05-26T09:34:04","date_gmt":"2023-05-26T07:34:04","guid":{"rendered":"https:\/\/termepatria.it\/angebot-buchen\/"},"modified":"2025-12-11T10:19:25","modified_gmt":"2025-12-11T09:19:25","slug":"angebot-buchen","status":"publish","type":"page","link":"https:\/\/termepatria.it\/de\/angebot-buchen\/","title":{"rendered":"Angebot buchen"},"content":{"rendered":"\t\t<div data-elementor-type=\"wp-page\" data-elementor-id=\"7664\" class=\"elementor elementor-7664 elementor-7202\">\n\t\t\t\t\t\t<section class=\"elementor-section elementor-top-section elementor-element elementor-element-4c850007 elementor-section-full_width qodef-elementor-content-grid elementor-section-height-default elementor-section-height-default\" data-id=\"4c850007\" data-element_type=\"section\" data-e-type=\"section\">\n\t\t\t\t\t\t<div class=\"elementor-container elementor-column-gap-no\">\n\t\t\t\t\t<div class=\"elementor-column elementor-col-100 elementor-top-column elementor-element elementor-element-6628eb38\" data-id=\"6628eb38\" data-element_type=\"column\" data-e-type=\"column\">\n\t\t\t<div class=\"elementor-widget-wrap elementor-element-populated\">\n\t\t\t\t\t\t<div class=\"elementor-element elementor-element-12936631 elementor-widget elementor-widget-alloggio_core_section_title\" data-id=\"12936631\" data-element_type=\"widget\" data-e-type=\"widget\" data-widget_type=\"alloggio_core_section_title.default\">\n\t\t\t\t<div class=\"elementor-widget-container\">\n\t\t\t\t\t<div class=\"qodef-shortcode qodef-m  qodef-section-title qodef-alignment--center\">\n\t\t<h2 class=\"qodef-m-title\" >\n\t\t\t\t\tBuchen Sie online zum besten Preis\t\t\t<\/h2>\n\t\t<span class=\"qodef-m-text\" style=\"margin-top: 25px\">Sonderangebote f\u00fcr Aufenthalt und Dienstleistungen f\u00fcr die Gesundheit und das Wohlbefinden von K\u00f6rper und Geist<\/span>\n<\/div>\t\t\t\t<\/div>\n\t\t\t\t<\/div>\n\t\t\t\t<div class=\"elementor-element elementor-element-3114e2a elementor-widget elementor-widget-text-editor\" data-id=\"3114e2a\" data-element_type=\"widget\" data-e-type=\"widget\" data-widget_type=\"text-editor.default\">\n\t\t\t\t<div class=\"elementor-widget-container\">\n\t\t\t\t\t\t\t\t\t<p>Geben Sie das An- und Abreisedatum im Kalender ein (die Mindest-\/H\u00f6chstzahl der N\u00e4chte muss eingehalten werden, damit das Angebot g\u00fcltig ist), die Anzahl der Personen und klicken Sie auf SUCHE.<\/p>\n\t\t\t\t\t\t\t\t<\/div>\n\t\t\t\t<\/div>\n\t\t\t\t\t<\/div>\n\t\t<\/div>\n\t\t\t\t\t<\/div>\n\t\t<\/section>\n\t\t\t\t<section class=\"elementor-section elementor-top-section elementor-element elementor-element-a0431d9 elementor-section-full_width qodef-elementor-content-grid elementor-section-stretched elementor-section-height-default elementor-section-height-default\" data-id=\"a0431d9\" data-element_type=\"section\" data-e-type=\"section\" data-settings=\"{&quot;stretch_section&quot;:&quot;section-stretched&quot;,&quot;background_background&quot;:&quot;classic&quot;}\">\n\t\t\t\t\t\t<div class=\"elementor-container elementor-column-gap-no\">\n\t\t\t\t\t<div class=\"elementor-column elementor-col-100 elementor-top-column elementor-element elementor-element-f4a9f64\" data-id=\"f4a9f64\" data-element_type=\"column\" data-e-type=\"column\">\n\t\t\t<div class=\"elementor-widget-wrap elementor-element-populated\">\n\t\t\t\t\t\t<div class=\"elementor-element elementor-element-30b2c69 elementor-widget elementor-widget-html\" data-id=\"30b2c69\" data-element_type=\"widget\" data-e-type=\"widget\" data-widget_type=\"html.default\">\n\t\t\t\t<div class=\"elementor-widget-container\">\n\t\t\t\t\t<script src=\"https:\/\/cdn.yanovis.com\/webcomp\/yanovis-booking-widget.umd.cjs\" charset=\"utf-8\"><\/script>\r\n<yanovis-booking-widget id=\"yanovisBookingWidget\" uuid=\"d71531db-85ec-4085-9f6e-3d1bd1e01ad0\" lang=\"de\"><\/yanovis-booking-widget>\r\n\t\t\t\t<\/div>\n\t\t\t\t<\/div>\n\t\t\t\t\t<\/div>\n\t\t<\/div>\n\t\t\t\t\t<\/div>\n\t\t<\/section>\n\t\t\t\t<\/div>\n\t\t","protected":false},"excerpt":{"rendered":"<p>Buchen Sie online zum besten Preis Sonderangebote f\u00fcr Aufenthalt und Dienstleistungen f\u00fcr die Gesundheit und das Wohlbefinden von K\u00f6rper und Geist Geben Sie das An- und Abreisedatum im Kalender ein (die Mindest-\/H\u00f6chstzahl der N\u00e4chte muss eingehalten werden, damit das Angebot g\u00fcltig ist), die Anzahl der Personen und klicken Sie auf SUCHE.<\/p>\n","protected":false},"author":1,"featured_media":0,"parent":0,"menu_order":0,"comment_status":"closed","ping_status":"closed","template":"","meta":{"footnotes":""},"class_list":["post-7664","page","type-page","status-publish","hentry"],"yoast_head":"<!-- This site is optimized with the Yoast SEO plugin v27.0 - https:\/\/yoast.com\/product\/yoast-seo-wordpress\/ -->\n<title>Angebot buchen - Hotel Terme Patria<\/title>\n<meta name=\"description\" content=\"Buchen Sie online zum besten Preis Sonderangebote f\u00fcr Aufenthalt und Dienstleistungen f\u00fcr die Gesundheit und das Wohlbefinden von K\u00f6rper und Geist Geben\" \/>\n<meta name=\"robots\" content=\"index, follow, max-snippet:-1, max-image-preview:large, max-video-preview:-1\" \/>\n<link rel=\"canonical\" href=\"https:\/\/termepatria.it\/de\/angebot-buchen\/\" \/>\n<meta property=\"og:locale\" content=\"de_DE\" \/>\n<meta property=\"og:type\" content=\"article\" \/>\n<meta property=\"og:title\" content=\"Angebot buchen - Hotel Terme Patria\" \/>\n<meta property=\"og:description\" content=\"Buchen Sie online zum besten Preis Sonderangebote f\u00fcr Aufenthalt und Dienstleistungen f\u00fcr die Gesundheit und das Wohlbefinden von K\u00f6rper und Geist Geben\" \/>\n<meta property=\"og:url\" content=\"https:\/\/termepatria.it\/de\/angebot-buchen\/\" \/>\n<meta property=\"og:site_name\" content=\"Hotel Terme Patria\" \/>\n<meta property=\"article:publisher\" content=\"https:\/\/www.facebook.com\/hoteltermepatria\" \/>\n<meta property=\"article:modified_time\" content=\"2025-12-11T09:19:25+00:00\" \/>\n<meta property=\"og:image\" content=\"https:\/\/termepatria.it\/wp-content\/uploads\/2023\/05\/Hotel_Patria_piscine_4-1.jpg\" \/>\n\t<meta property=\"og:image:width\" content=\"1300\" \/>\n\t<meta property=\"og:image:height\" content=\"890\" \/>\n\t<meta property=\"og:image:type\" content=\"image\/jpeg\" \/>\n<meta name=\"twitter:card\" content=\"summary_large_image\" \/>\n<meta name=\"twitter:label1\" content=\"Gesch\u00e4tzte Lesezeit\" \/>\n\t<meta name=\"twitter:data1\" content=\"1\u00a0Minute\" \/>\n<script type=\"application\/ld+json\" class=\"yoast-schema-graph\">{\"@context\":\"https:\/\/schema.org\",\"@graph\":[{\"@type\":\"WebPage\",\"@id\":\"https:\/\/termepatria.it\/de\/angebot-buchen\/\",\"url\":\"https:\/\/termepatria.it\/de\/angebot-buchen\/\",\"name\":\"Angebot buchen - Hotel Terme Patria\",\"isPartOf\":{\"@id\":\"https:\/\/termepatria.it\/#website\"},\"datePublished\":\"2023-05-26T07:34:04+00:00\",\"dateModified\":\"2025-12-11T09:19:25+00:00\",\"description\":\"Buchen Sie online zum besten Preis Sonderangebote f\u00fcr Aufenthalt und Dienstleistungen f\u00fcr die Gesundheit und das Wohlbefinden von K\u00f6rper und Geist Geben\",\"breadcrumb\":{\"@id\":\"https:\/\/termepatria.it\/de\/angebot-buchen\/#breadcrumb\"},\"inLanguage\":\"de\",\"potentialAction\":[{\"@type\":\"ReadAction\",\"target\":[\"https:\/\/termepatria.it\/de\/angebot-buchen\/\"]}]},{\"@type\":\"BreadcrumbList\",\"@id\":\"https:\/\/termepatria.it\/de\/angebot-buchen\/#breadcrumb\",\"itemListElement\":[{\"@type\":\"ListItem\",\"position\":1,\"name\":\"Home\",\"item\":\"https:\/\/termepatria.it\/\"},{\"@type\":\"ListItem\",\"position\":2,\"name\":\"Angebot buchen\"}]},{\"@type\":\"WebSite\",\"@id\":\"https:\/\/termepatria.it\/#website\",\"url\":\"https:\/\/termepatria.it\/\",\"name\":\"Hotel Terme Patria\",\"description\":\"\",\"publisher\":{\"@id\":\"https:\/\/termepatria.it\/#organization\"},\"alternateName\":\"Terme Patria\",\"potentialAction\":[{\"@type\":\"SearchAction\",\"target\":{\"@type\":\"EntryPoint\",\"urlTemplate\":\"https:\/\/termepatria.it\/?s={search_term_string}\"},\"query-input\":{\"@type\":\"PropertyValueSpecification\",\"valueRequired\":true,\"valueName\":\"search_term_string\"}}],\"inLanguage\":\"de\"},{\"@type\":\"Organization\",\"@id\":\"https:\/\/termepatria.it\/#organization\",\"name\":\"Hotel Terme Patria\",\"url\":\"https:\/\/termepatria.it\/\",\"logo\":{\"@type\":\"ImageObject\",\"inLanguage\":\"de\",\"@id\":\"https:\/\/termepatria.it\/#\/schema\/logo\/image\/\",\"url\":\"https:\/\/termepatria.it\/wp-content\/uploads\/2023\/05\/LOGO-PATRIA02.png\",\"contentUrl\":\"https:\/\/termepatria.it\/wp-content\/uploads\/2023\/05\/LOGO-PATRIA02.png\",\"width\":412,\"height\":80,\"caption\":\"Hotel Terme Patria\"},\"image\":{\"@id\":\"https:\/\/termepatria.it\/#\/schema\/logo\/image\/\"},\"sameAs\":[\"https:\/\/www.facebook.com\/hoteltermepatria\",\"https:\/\/www.instagram.com\/hoteltermepatria\/\"]}]}<\/script>\n<!-- \/ Yoast SEO plugin. -->","yoast_head_json":{"title":"Angebot buchen - Hotel Terme Patria","description":"Buchen Sie online zum besten Preis Sonderangebote f\u00fcr Aufenthalt und Dienstleistungen f\u00fcr die Gesundheit und das Wohlbefinden von K\u00f6rper und Geist Geben","robots":{"index":"index","follow":"follow","max-snippet":"max-snippet:-1","max-image-preview":"max-image-preview:large","max-video-preview":"max-video-preview:-1"},"canonical":"https:\/\/termepatria.it\/de\/angebot-buchen\/","og_locale":"de_DE","og_type":"article","og_title":"Angebot buchen - Hotel Terme Patria","og_description":"Buchen Sie online zum besten Preis Sonderangebote f\u00fcr Aufenthalt und Dienstleistungen f\u00fcr die Gesundheit und das Wohlbefinden von K\u00f6rper und Geist Geben","og_url":"https:\/\/termepatria.it\/de\/angebot-buchen\/","og_site_name":"Hotel Terme Patria","article_publisher":"https:\/\/www.facebook.com\/hoteltermepatria","article_modified_time":"2025-12-11T09:19:25+00:00","og_image":[{"width":1300,"height":890,"url":"https:\/\/termepatria.it\/wp-content\/uploads\/2023\/05\/Hotel_Patria_piscine_4-1.jpg","type":"image\/jpeg"}],"twitter_card":"summary_large_image","twitter_misc":{"Gesch\u00e4tzte Lesezeit":"1\u00a0Minute"},"schema":{"@context":"https:\/\/schema.org","@graph":[{"@type":"WebPage","@id":"https:\/\/termepatria.it\/de\/angebot-buchen\/","url":"https:\/\/termepatria.it\/de\/angebot-buchen\/","name":"Angebot buchen - Hotel Terme Patria","isPartOf":{"@id":"https:\/\/termepatria.it\/#website"},"datePublished":"2023-05-26T07:34:04+00:00","dateModified":"2025-12-11T09:19:25+00:00","description":"Buchen Sie online zum besten Preis Sonderangebote f\u00fcr Aufenthalt und Dienstleistungen f\u00fcr die Gesundheit und das Wohlbefinden von K\u00f6rper und Geist Geben","breadcrumb":{"@id":"https:\/\/termepatria.it\/de\/angebot-buchen\/#breadcrumb"},"inLanguage":"de","potentialAction":[{"@type":"ReadAction","target":["https:\/\/termepatria.it\/de\/angebot-buchen\/"]}]},{"@type":"BreadcrumbList","@id":"https:\/\/termepatria.it\/de\/angebot-buchen\/#breadcrumb","itemListElement":[{"@type":"ListItem","position":1,"name":"Home","item":"https:\/\/termepatria.it\/"},{"@type":"ListItem","position":2,"name":"Angebot buchen"}]},{"@type":"WebSite","@id":"https:\/\/termepatria.it\/#website","url":"https:\/\/termepatria.it\/","name":"Hotel Terme Patria","description":"","publisher":{"@id":"https:\/\/termepatria.it\/#organization"},"alternateName":"Terme Patria","potentialAction":[{"@type":"SearchAction","target":{"@type":"EntryPoint","urlTemplate":"https:\/\/termepatria.it\/?s={search_term_string}"},"query-input":{"@type":"PropertyValueSpecification","valueRequired":true,"valueName":"search_term_string"}}],"inLanguage":"de"},{"@type":"Organization","@id":"https:\/\/termepatria.it\/#organization","name":"Hotel Terme Patria","url":"https:\/\/termepatria.it\/","logo":{"@type":"ImageObject","inLanguage":"de","@id":"https:\/\/termepatria.it\/#\/schema\/logo\/image\/","url":"https:\/\/termepatria.it\/wp-content\/uploads\/2023\/05\/LOGO-PATRIA02.png","contentUrl":"https:\/\/termepatria.it\/wp-content\/uploads\/2023\/05\/LOGO-PATRIA02.png","width":412,"height":80,"caption":"Hotel Terme Patria"},"image":{"@id":"https:\/\/termepatria.it\/#\/schema\/logo\/image\/"},"sameAs":["https:\/\/www.facebook.com\/hoteltermepatria","https:\/\/www.instagram.com\/hoteltermepatria\/"]}]}},"_links":{"self":[{"href":"https:\/\/termepatria.it\/de\/wp-json\/wp\/v2\/pages\/7664","targetHints":{"allow":["GET"]}}],"collection":[{"href":"https:\/\/termepatria.it\/de\/wp-json\/wp\/v2\/pages"}],"about":[{"href":"https:\/\/termepatria.it\/de\/wp-json\/wp\/v2\/types\/page"}],"author":[{"embeddable":true,"href":"https:\/\/termepatria.it\/de\/wp-json\/wp\/v2\/users\/1"}],"replies":[{"embeddable":true,"href":"https:\/\/termepatria.it\/de\/wp-json\/wp\/v2\/comments?post=7664"}],"version-history":[{"count":4,"href":"https:\/\/termepatria.it\/de\/wp-json\/wp\/v2\/pages\/7664\/revisions"}],"predecessor-version":[{"id":11824,"href":"https:\/\/termepatria.it\/de\/wp-json\/wp\/v2\/pages\/7664\/revisions\/11824"}],"wp:attachment":[{"href":"https:\/\/termepatria.it\/de\/wp-json\/wp\/v2\/media?parent=7664"}],"curies":[{"name":"wp","href":"https:\/\/api.w.org\/{rel}","templated":true}]}}